{"id":15,"date":"2024-07-18T14:05:57","date_gmt":"2024-07-18T12:05:57","guid":{"rendered":"https:\/\/cestmaman.com\/?page_id=15"},"modified":"2024-07-30T22:02:42","modified_gmt":"2024-07-30T20:02:42","slug":"a-propos-de","status":"publish","type":"page","link":"https:\/\/cestmaman.com\/index.php\/a-propos-de\/","title":{"rendered":"Catalogue"},"content":{"rendered":"\n<p class=\"has-text-align-center\">D\u00e9couvrez ici notre gamme de produits pour les enfants.<\/p>\n\n\n\n<p><\/p>\n\n\n\n<p><\/p>\n\n\n\n<div class=\"wp-block-media-text alignwide is-stacked-on-mobile\" style=\"grid-template-columns:41% auto\"><figure class=\"wp-block-media-text__media\"><img loading=\"lazy\" decoding=\"async\" width=\"1024\" height=\"768\" src=\"https:\/\/cestmaman.com\/wp-content\/uploads\/2024\/07\/mais-banniere-3-1024x768.png\" alt=\"\" class=\"wp-image-47 size-full\" srcset=\"https:\/\/cestmaman.com\/wp-content\/uploads\/2024\/07\/mais-banniere-3-1024x768.png 1024w, https:\/\/cestmaman.com\/wp-content\/uploads\/2024\/07\/mais-banniere-3-300x225.png 300w, https:\/\/cestmaman.com\/wp-content\/uploads\/2024\/07\/mais-banniere-3-768x576.png 768w, https:\/\/cestmaman.com\/wp-content\/uploads\/2024\/07\/mais-banniere-3-1536x1152.png 1536w, https:\/\/cestmaman.com\/wp-content\/uploads\/2024\/07\/mais-banniere-3-1200x900.png 1200w, https:\/\/cestmaman.com\/wp-content\/uploads\/2024\/07\/mais-banniere-3.png 1890w\" sizes=\"auto, (max-width: 1024px) 100vw, 1024px\" \/><\/figure><div class=\"wp-block-media-text__content\">\n<p><strong>Bouillie de ma\u00efs instantan\u00e9e.<br>Instant corn paste.<\/strong><\/p>\n<\/div><\/div>\n\n\n\n<p><\/p>\n","protected":false},"excerpt":{"rendered":"<p>D\u00e9couvrez ici notre gamme de produits pour les enfants. Bouillie de ma\u00efs instantan\u00e9e.Instant corn paste.<\/p>\n","protected":false},"author":1,"featured_media":0,"parent":0,"menu_order":0,"comment_status":"closed","ping_status":"closed","template":"templates\/template-full-width.php","meta":{"footnotes":""},"class_list":["post-15","page","type-page","status-publish","hentry"],"_links":{"self":[{"href":"https:\/\/cestmaman.com\/index.php\/wp-json\/wp\/v2\/pages\/15","targetHints":{"allow":["GET"]}}],"collection":[{"href":"https:\/\/cestmaman.com\/index.php\/wp-json\/wp\/v2\/pages"}],"about":[{"href":"https:\/\/cestmaman.com\/index.php\/wp-json\/wp\/v2\/types\/page"}],"author":[{"embeddable":true,"href":"https:\/\/cestmaman.com\/index.php\/wp-json\/wp\/v2\/users\/1"}],"replies":[{"embeddable":true,"href":"https:\/\/cestmaman.com\/index.php\/wp-json\/wp\/v2\/comments?post=15"}],"version-history":[{"count":7,"href":"https:\/\/cestmaman.com\/index.php\/wp-json\/wp\/v2\/pages\/15\/revisions"}],"predecessor-version":[{"id":59,"href":"https:\/\/cestmaman.com\/index.php\/wp-json\/wp\/v2\/pages\/15\/revisions\/59"}],"wp:attachment":[{"href":"https:\/\/cestmaman.com\/index.php\/wp-json\/wp\/v2\/media?parent=15"}],"curies":[{"name":"wp","href":"https:\/\/api.w.org\/{rel}","templated":true}]}}